{"id":564,"date":"2023-05-04T16:36:50","date_gmt":"2023-05-04T16:36:50","guid":{"rendered":"https:\/\/celexx.evk.com.py\/solutions\/cloud\/"},"modified":"2023-05-07T18:12:19","modified_gmt":"2023-05-07T22:12:19","slug":"cloud","status":"publish","type":"page","link":"\/es\/solutions\/cloud\/","title":{"rendered":"Nube"},"content":{"rendered":"<div data-elementor-type=\"wp-page\" data-elementor-id=\"564\" class=\"elementor elementor-564\">\n\t\t\t\t\t\t\t\t\t<section class=\"elementor-section elementor-top-section elementor-element elementor-element-2720f0f8 elementor-section-height-min-height elementor-section-boxed elementor-section-height-default elementor-section-items-middle\" data-id=\"2720f0f8\" data-element_type=\"section\" data-settings=\"{&quot;background_background&quot;:&quot;classic&quot;,&quot;animation&quot;:&quot;none&quot;,&quot;ekit_has_onepagescroll_dot&quot;:&quot;yes&quot;}\">\n\t\t\t\t\t\t\t<div class=\"elementor-background-overlay\"><\/div>\n\t\t\t\t\t\t\t<div class=\"elementor-container elementor-column-gap-default\">\n\t\t\t\t\t<div class=\"elementor-column elementor-col-100 elementor-top-column elementor-element elementor-element-9098166\" data-id=\"9098166\" data-element_type=\"column\">\n\t\t\t<div class=\"elementor-widget-wrap elementor-element-populated\">\n\t\t\t\t\t\t\t\t<div class=\"elementor-element elementor-element-75c66ccc elementor-widget elementor-widget-heading\" data-id=\"75c66ccc\" data-element_type=\"widget\" data-settings=\"{&quot;_animation&quot;:&quot;none&quot;,&quot;ekit_we_effect_on&quot;:&quot;none&quot;}\" data-widget_type=\"heading.default\">\n\t\t\t\t<div class=\"elementor-widget-container\">\n\t\t\t<style>\/*! elementor - v3.12.2 - 23-04-2023 *\/\n.elementor-heading-title{padding:0;margin:0;line-height:1}.elementor-widget-heading .elementor-heading-title[class*=elementor-size-]>a{color:inherit;font-size:inherit;line-height:inherit}.elementor-widget-heading .elementor-heading-title.elementor-size-small{font-size:15px}.elementor-widget-heading .elementor-heading-title.elementor-size-medium{font-size:19px}.elementor-widget-heading .elementor-heading-title.elementor-size-large{font-size:29px}.elementor-widget-heading .elementor-heading-title.elementor-size-xl{font-size:39px}.elementor-widget-heading .elementor-heading-title.elementor-size-xxl{font-size:59px}<\/style><h2 class=\"elementor-heading-title elementor-size-default\">Nube<\/h2>\t\t<\/div>\n\t\t\t\t<\/div>\n\t\t\t\t<div class=\"elementor-element elementor-element-5a701fb2 elementor-widget elementor-widget-text-editor\" data-id=\"5a701fb2\" data-element_type=\"widget\" data-settings=\"{&quot;ekit_we_effect_on&quot;:&quot;none&quot;}\" data-widget_type=\"text-editor.default\">\n\t\t\t\t<div class=\"elementor-widget-container\">\n\t\t\t<style>\/*! elementor - v3.12.2 - 23-04-2023 *\/\n.elementor-widget-text-editor.elementor-drop-cap-view-stacked .elementor-drop-cap{background-color:#69727d;color:#fff}.elementor-widget-text-editor.elementor-drop-cap-view-framed .elementor-drop-cap{color:#69727d;border:3px solid;background-color:transparent}.elementor-widget-text-editor:not(.elementor-drop-cap-view-default) .elementor-drop-cap{margin-top:8px}.elementor-widget-text-editor:not(.elementor-drop-cap-view-default) .elementor-drop-cap-letter{width:1em;height:1em}.elementor-widget-text-editor .elementor-drop-cap{float:left;text-align:center;line-height:1;font-size:50px}.elementor-widget-text-editor .elementor-drop-cap-letter{display:inline-block}<\/style>\t\t\t\t<p>Con nuestra experiencia y tecnolog\u00edas l\u00edderes en la industria, podemos ayudarlo a crear una infraestructura de TI segura, escalable y de alto rendimiento que permitir\u00e1 que su empresa prospere en el acelerado mundo digital actual.<\/p>\t\t\t\t\t\t<\/div>\n\t\t\t\t<\/div>\n\t\t\t\t\t<\/div>\n\t\t<\/div>\n\t\t\t\t\t\t\t<\/div>\n\t\t<\/section>\n\t\t\t\t<section class=\"elementor-section elementor-top-section elementor-element elementor-element-737189fa elementor-section-boxed elementor-section-height-default elementor-section-height-default\" data-id=\"737189fa\" data-element_type=\"section\" id=\"hybridprivatecloud\" data-settings=\"{&quot;background_background&quot;:&quot;classic&quot;,&quot;ekit_has_onepagescroll_dot&quot;:&quot;yes&quot;}\">\n\t\t\t\t\t\t\t<div class=\"elementor-background-overlay\"><\/div>\n\t\t\t\t\t\t\t<div class=\"elementor-container elementor-column-gap-default\">\n\t\t\t\t\t<div class=\"elementor-column elementor-col-100 elementor-top-column elementor-element elementor-element-5e41d58\" data-id=\"5e41d58\" data-element_type=\"column\">\n\t\t\t<div class=\"elementor-widget-wrap elementor-element-populated\">\n\t\t\t\t\t\t\t\t<section class=\"elementor-section elementor-inner-section elementor-element elementor-element-2ea6dc10 elementor-reverse-mobile elementor-section-boxed elementor-section-height-default elementor-section-height-default\" data-id=\"2ea6dc10\" data-element_type=\"section\" data-settings=\"{&quot;ekit_has_onepagescroll_dot&quot;:&quot;yes&quot;}\">\n\t\t\t\t\t\t<div class=\"elementor-container elementor-column-gap-default\">\n\t\t\t\t\t<div class=\"elementor-column elementor-col-50 elementor-inner-column elementor-element elementor-element-7368bc34\" data-id=\"7368bc34\" data-element_type=\"column\">\n\t\t\t<div class=\"elementor-widget-wrap elementor-element-populated\">\n\t\t\t\t\t\t\t\t<div class=\"elementor-element elementor-element-2b0b14af elementor-widget elementor-widget-heading\" data-id=\"2b0b14af\" data-element_type=\"widget\" data-settings=\"{&quot;ekit_we_effect_on&quot;:&quot;none&quot;}\" data-widget_type=\"heading.default\">\n\t\t\t\t<div class=\"elementor-widget-container\">\n\t\t\t<h2 class=\"elementor-heading-title elementor-size-default\">Nube H\u00edbrida Privada<\/h2>\t\t<\/div>\n\t\t\t\t<\/div>\n\t\t\t\t<div class=\"elementor-element elementor-element-5939b267 elementor-widget elementor-widget-text-editor\" data-id=\"5939b267\" data-element_type=\"widget\" data-settings=\"{&quot;ekit_we_effect_on&quot;:&quot;none&quot;}\" data-widget_type=\"text-editor.default\">\n\t\t\t\t<div class=\"elementor-widget-container\">\n\t\t\t\t\t\t\t<p>Nuestra soluci\u00f3n de nube privada h\u00edbrida ofrece lo mejor de ambos mundos: la seguridad y el control de una nube privada con la escalabilidad y la rentabilidad de una nube p\u00fablica. Con nuestra soluci\u00f3n, puede mantener las aplicaciones y los datos confidenciales en las instalaciones mientras aprovecha el poder de la nube para cargas de trabajo no cr\u00edticas. Adem\u00e1s, nuestra soluci\u00f3n es altamente personalizable para satisfacer sus necesidades comerciales \u00fanicas, y nuestro equipo de expertos brinda una integraci\u00f3n perfecta y soporte continuo para garantizar que su entorno de nube funcione sin problemas. Experimente los beneficios de una nube h\u00edbrida hoy con nuestra soluci\u00f3n flexible y confiable.<\/p>\t\t\t\t\t\t<\/div>\n\t\t\t\t<\/div>\n\t\t\t\t\t<\/div>\n\t\t<\/div>\n\t\t\t\t<div class=\"elementor-column elementor-col-50 elementor-inner-column elementor-element elementor-element-73e1d28d\" data-id=\"73e1d28d\" data-element_type=\"column\">\n\t\t\t<div class=\"elementor-widget-wrap elementor-element-populated\">\n\t\t\t\t\t\t\t\t<div class=\"elementor-element elementor-element-50bb7c5b elementor-widget elementor-widget-image\" data-id=\"50bb7c5b\" data-element_type=\"widget\" data-settings=\"{&quot;ekit_we_effect_on&quot;:&quot;none&quot;}\" data-widget_type=\"image.default\">\n\t\t\t\t<div class=\"elementor-widget-container\">\n\t\t\t<style>\/*! elementor - v3.12.2 - 23-04-2023 *\/\n.elementor-widget-image{text-align:center}.elementor-widget-image a{display:inline-block}.elementor-widget-image a img[src$=\".svg\"]{width:48px}.elementor-widget-image img{vertical-align:middle;display:inline-block}<\/style>\t\t\t\t\t\t\t\t\t\t\t\t<img width=\"600\" height=\"600\" src=\"\/wp-content\/uploads\/2023\/05\/Artboard-1@4x-copy.jpg\" class=\"attachment-large size-large wp-image-1976\" alt=\"\" decoding=\"async\" loading=\"lazy\" srcset=\"\/wp-content\/uploads\/2023\/05\/Artboard-1@4x-copy.jpg 600w, \/wp-content\/uploads\/2023\/05\/Artboard-1@4x-copy-300x300.jpg 300w, \/wp-content\/uploads\/2023\/05\/Artboard-1@4x-copy-150x150.jpg 150w\" sizes=\"(max-width: 600px) 100vw, 600px\" \/>\t\t\t\t\t\t\t\t\t\t\t\t\t\t\t<\/div>\n\t\t\t\t<\/div>\n\t\t\t\t\t<\/div>\n\t\t<\/div>\n\t\t\t\t\t\t\t<\/div>\n\t\t<\/section>\n\t\t\t\t\t<\/div>\n\t\t<\/div>\n\t\t\t\t\t\t\t<\/div>\n\t\t<\/section>\n\t\t\t\t<section class=\"elementor-section elementor-top-section elementor-element elementor-element-10c0e322 elementor-section-boxed elementor-section-height-default elementor-section-height-default\" data-id=\"10c0e322\" data-element_type=\"section\" id=\"publiccloud\" data-settings=\"{&quot;background_background&quot;:&quot;classic&quot;,&quot;ekit_has_onepagescroll_dot&quot;:&quot;yes&quot;}\">\n\t\t\t\t\t\t\t<div class=\"elementor-background-overlay\"><\/div>\n\t\t\t\t\t\t\t<div class=\"elementor-container elementor-column-gap-default\">\n\t\t\t\t\t<div class=\"elementor-column elementor-col-100 elementor-top-column elementor-element elementor-element-54434d44\" data-id=\"54434d44\" data-element_type=\"column\">\n\t\t\t<div class=\"elementor-widget-wrap elementor-element-populated\">\n\t\t\t\t\t\t\t\t<section class=\"elementor-section elementor-inner-section elementor-element elementor-element-5f221370 elementor-section-boxed elementor-section-height-default elementor-section-height-default\" data-id=\"5f221370\" data-element_type=\"section\" data-settings=\"{&quot;ekit_has_onepagescroll_dot&quot;:&quot;yes&quot;}\">\n\t\t\t\t\t\t<div class=\"elementor-container elementor-column-gap-default\">\n\t\t\t\t\t<div class=\"elementor-column elementor-col-50 elementor-inner-column elementor-element elementor-element-e667353\" data-id=\"e667353\" data-element_type=\"column\">\n\t\t\t<div class=\"elementor-widget-wrap elementor-element-populated\">\n\t\t\t\t\t\t\t\t<div class=\"elementor-element elementor-element-73717afe elementor-widget elementor-widget-image\" data-id=\"73717afe\" data-element_type=\"widget\" data-settings=\"{&quot;ekit_we_effect_on&quot;:&quot;none&quot;}\" data-widget_type=\"image.default\">\n\t\t\t\t<div class=\"elementor-widget-container\">\n\t\t\t\t\t\t\t\t\t\t\t\t\t\t\t<img width=\"600\" height=\"600\" src=\"\/wp-content\/uploads\/2023\/05\/hybrid-cloud-deployment_600.jpg\" class=\"attachment-large size-large wp-image-2226\" alt=\"\" decoding=\"async\" loading=\"lazy\" srcset=\"\/wp-content\/uploads\/2023\/05\/hybrid-cloud-deployment_600.jpg 600w, \/wp-content\/uploads\/2023\/05\/hybrid-cloud-deployment_600-300x300.jpg 300w, \/wp-content\/uploads\/2023\/05\/hybrid-cloud-deployment_600-150x150.jpg 150w\" sizes=\"(max-width: 600px) 100vw, 600px\" \/>\t\t\t\t\t\t\t\t\t\t\t\t\t\t\t<\/div>\n\t\t\t\t<\/div>\n\t\t\t\t\t<\/div>\n\t\t<\/div>\n\t\t\t\t<div class=\"elementor-column elementor-col-50 elementor-inner-column elementor-element elementor-element-59bf9ccb\" data-id=\"59bf9ccb\" data-element_type=\"column\">\n\t\t\t<div class=\"elementor-widget-wrap elementor-element-populated\">\n\t\t\t\t\t\t\t\t<div class=\"elementor-element elementor-element-7fc28709 elementor-widget elementor-widget-heading\" data-id=\"7fc28709\" data-element_type=\"widget\" data-settings=\"{&quot;ekit_we_effect_on&quot;:&quot;none&quot;}\" data-widget_type=\"heading.default\">\n\t\t\t\t<div class=\"elementor-widget-container\">\n\t\t\t<h2 class=\"elementor-heading-title elementor-size-default\">Implementaci\u00f3n de Nube P\u00fablica<\/h2>\t\t<\/div>\n\t\t\t\t<\/div>\n\t\t\t\t<div class=\"elementor-element elementor-element-52e34d48 elementor-widget elementor-widget-text-editor\" data-id=\"52e34d48\" data-element_type=\"widget\" data-settings=\"{&quot;ekit_we_effect_on&quot;:&quot;none&quot;}\" data-widget_type=\"text-editor.default\">\n\t\t\t\t<div class=\"elementor-widget-container\">\n\t\t\t\t\t\t\t<p>Con nuestras soluciones de implementaci\u00f3n de nube p\u00fablica, puede acceder a recursos inform\u00e1ticos escalables y flexibles de forma r\u00e1pida y sencilla. Nuestra plataforma ofrece una variedad de servicios, como potencia inform\u00e1tica, almacenamiento y administraci\u00f3n de bases de datos, que se pueden personalizar f\u00e1cilmente para satisfacer sus necesidades espec\u00edficas. Nuestras soluciones en la nube ofrecen un alto nivel de seguridad y confiabilidad, con monitoreo 24\/7 y respaldo autom\u00e1tico para garantizar que sus datos est\u00e9n siempre protegidos. Con Public Cloud Deployment, puede reducir sus costos de infraestructura de TI y mejorar su eficiencia operativa, lo que le permite concentrarse en sus actividades comerciales principales. Perm\u00edtanos ayudarlo a llevar su negocio al siguiente nivel con nuestras soluciones de implementaci\u00f3n de nube p\u00fablica.<\/p>\t\t\t\t\t\t<\/div>\n\t\t\t\t<\/div>\n\t\t\t\t\t<\/div>\n\t\t<\/div>\n\t\t\t\t\t\t\t<\/div>\n\t\t<\/section>\n\t\t\t\t\t<\/div>\n\t\t<\/div>\n\t\t\t\t\t\t\t<\/div>\n\t\t<\/section>\n\t\t\t\t<section class=\"elementor-section elementor-top-section elementor-element elementor-element-f4ef5ef elementor-section-boxed elementor-section-height-default elementor-section-height-default\" data-id=\"f4ef5ef\" data-element_type=\"section\" id=\"softwareintegration\" data-settings=\"{&quot;background_background&quot;:&quot;classic&quot;,&quot;ekit_has_onepagescroll_dot&quot;:&quot;yes&quot;}\">\n\t\t\t\t\t\t\t<div class=\"elementor-background-overlay\"><\/div>\n\t\t\t\t\t\t\t<div class=\"elementor-container elementor-column-gap-default\">\n\t\t\t\t\t<div class=\"elementor-column elementor-col-100 elementor-top-column elementor-element elementor-element-74a6d48\" data-id=\"74a6d48\" data-element_type=\"column\">\n\t\t\t<div class=\"elementor-widget-wrap elementor-element-populated\">\n\t\t\t\t\t\t\t\t<section class=\"elementor-section elementor-inner-section elementor-element elementor-element-2bcfc0c5 elementor-reverse-mobile elementor-section-boxed elementor-section-height-default elementor-section-height-default\" data-id=\"2bcfc0c5\" data-element_type=\"section\" data-settings=\"{&quot;ekit_has_onepagescroll_dot&quot;:&quot;yes&quot;}\">\n\t\t\t\t\t\t<div class=\"elementor-container elementor-column-gap-default\">\n\t\t\t\t\t<div class=\"elementor-column elementor-col-50 elementor-inner-column elementor-element elementor-element-44d8fd22\" data-id=\"44d8fd22\" data-element_type=\"column\">\n\t\t\t<div class=\"elementor-widget-wrap elementor-element-populated\">\n\t\t\t\t\t\t\t\t<div class=\"elementor-element elementor-element-5371120d elementor-widget elementor-widget-heading\" data-id=\"5371120d\" data-element_type=\"widget\" data-settings=\"{&quot;ekit_we_effect_on&quot;:&quot;none&quot;}\" data-widget_type=\"heading.default\">\n\t\t\t\t<div class=\"elementor-widget-container\">\n\t\t\t<h2 class=\"elementor-heading-title elementor-size-default\">Integraci\u00f3n \/ Implementaci\u00f3n de Software<\/h2>\t\t<\/div>\n\t\t\t\t<\/div>\n\t\t\t\t<div class=\"elementor-element elementor-element-2f0ba40a elementor-widget elementor-widget-text-editor\" data-id=\"2f0ba40a\" data-element_type=\"widget\" data-settings=\"{&quot;ekit_we_effect_on&quot;:&quot;none&quot;}\" data-widget_type=\"text-editor.default\">\n\t\t\t\t<div class=\"elementor-widget-container\">\n\t\t\t\t\t\t\t<p>Aproveche al m\u00e1ximo sus inversiones en software con nuestras soluciones de implementaci\u00f3n e integraci\u00f3n de primera l\u00ednea. Nuestro equipo de expertos trabajar\u00e1 con usted para integrar a la perfecci\u00f3n sus sistemas de software, asegurando que su organizaci\u00f3n opere con la m\u00e1xima eficiencia. Desde integraciones personalizadas hasta implementaci\u00f3n automatizada, ofrecemos un conjunto completo de servicios que lo ayudar\u00e1n a lograr sus objetivos comerciales. Perm\u00edtanos ayudarlo a optimizar sus operaciones y mantenerse por delante de la competencia con nuestras soluciones de implementaci\u00f3n e integraci\u00f3n de software.<\/p>\t\t\t\t\t\t<\/div>\n\t\t\t\t<\/div>\n\t\t\t\t\t<\/div>\n\t\t<\/div>\n\t\t\t\t<div class=\"elementor-column elementor-col-50 elementor-inner-column elementor-element elementor-element-4aaf230e\" data-id=\"4aaf230e\" data-element_type=\"column\">\n\t\t\t<div class=\"elementor-widget-wrap elementor-element-populated\">\n\t\t\t\t\t\t\t\t<div class=\"elementor-element elementor-element-37d995f6 elementor-widget elementor-widget-image\" data-id=\"37d995f6\" data-element_type=\"widget\" data-settings=\"{&quot;ekit_we_effect_on&quot;:&quot;none&quot;}\" data-widget_type=\"image.default\">\n\t\t\t\t<div class=\"elementor-widget-container\">\n\t\t\t\t\t\t\t\t\t\t\t\t\t\t\t<img width=\"600\" height=\"600\" src=\"\/wp-content\/uploads\/2023\/05\/software-integration.jpg\" class=\"attachment-large size-large wp-image-2222\" alt=\"\" decoding=\"async\" loading=\"lazy\" srcset=\"\/wp-content\/uploads\/2023\/05\/software-integration.jpg 600w, \/wp-content\/uploads\/2023\/05\/software-integration-300x300.jpg 300w, \/wp-content\/uploads\/2023\/05\/software-integration-150x150.jpg 150w\" sizes=\"(max-width: 600px) 100vw, 600px\" \/>\t\t\t\t\t\t\t\t\t\t\t\t\t\t\t<\/div>\n\t\t\t\t<\/div>\n\t\t\t\t\t<\/div>\n\t\t<\/div>\n\t\t\t\t\t\t\t<\/div>\n\t\t<\/section>\n\t\t\t\t\t<\/div>\n\t\t<\/div>\n\t\t\t\t\t\t\t<\/div>\n\t\t<\/section>\n\t\t\t\t<section class=\"elementor-section elementor-top-section elementor-element elementor-element-50accef elementor-section-full_width elementor-section-height-default elementor-section-height-default\" data-id=\"50accef\" data-element_type=\"section\" data-settings=\"{&quot;background_background&quot;:&quot;classic&quot;,&quot;ekit_has_onepagescroll_dot&quot;:&quot;yes&quot;}\">\n\t\t\t\t\t\t<div class=\"elementor-container elementor-column-gap-no\">\n\t\t\t\t\t<div class=\"elementor-column elementor-col-100 elementor-top-column elementor-element elementor-element-b3ad430\" data-id=\"b3ad430\" data-element_type=\"column\">\n\t\t\t<div class=\"elementor-widget-wrap elementor-element-populated\">\n\t\t\t\t\t\t\t\t<div class=\"elementor-element elementor-element-058673c ekit-sticky--bottom elementor-widget elementor-widget-ekit-nav-menu\" data-id=\"058673c\" data-element_type=\"widget\" data-settings=\"{&quot;ekit_sticky&quot;:&quot;bottom&quot;,&quot;ekit_we_effect_on&quot;:&quot;none&quot;,&quot;ekit_sticky_offset&quot;:{&quot;unit&quot;:&quot;px&quot;,&quot;size&quot;:0,&quot;sizes&quot;:[]},&quot;ekit_sticky_on&quot;:&quot;desktop_tablet_mobile&quot;,&quot;ekit_sticky_effect_offset&quot;:{&quot;unit&quot;:&quot;px&quot;,&quot;size&quot;:0,&quot;sizes&quot;:[]}}\" data-widget_type=\"ekit-nav-menu.default\">\n\t\t\t\t<div class=\"elementor-widget-container\">\n\t\t\t<div class=\"ekit-wid-con ekit_menu_responsive_tablet\" data-hamburger-icon=\"\" data-hamburger-icon-type=\"icon\" data-responsive-breakpoint=\"1024\">            <button class=\"elementskit-menu-hamburger elementskit-menu-toggler\"  type=\"button\" aria-label=\"hamburger-icon\">\n                                    <span class=\"elementskit-menu-hamburger-icon\"><\/span><span class=\"elementskit-menu-hamburger-icon\"><\/span><span class=\"elementskit-menu-hamburger-icon\"><\/span>\n                            <\/button>\n            <div id=\"ekit-megamenu-cloud\" class=\"elementskit-menu-container elementskit-menu-offcanvas-elements elementskit-navbar-nav-default elementskit_line_arrow ekit-nav-menu-one-page-no ekit-nav-dropdown-hover\"><ul id=\"menu-cloud\" class=\"elementskit-navbar-nav elementskit-menu-po-center submenu-click-on-icon\"><li id=\"menu-item-2185\" class=\"menu-item menu-item-type-custom menu-item-object-custom menu-item-2185 nav-item elementskit-mobile-builder-content\" data-vertical-menu=\"750px\"><a href=\"#hybridprivatecloud\" class=\"ekit-menu-nav-link\">Nube H\u00edbrida Privada<\/a><\/li>\n<li id=\"menu-item-2186\" class=\"menu-item menu-item-type-custom menu-item-object-custom menu-item-2186 nav-item elementskit-mobile-builder-content\" data-vertical-menu=\"750px\"><a href=\"#publiccloud\" class=\"ekit-menu-nav-link\">Implementaci\u00f3n de Nube P\u00fablica<\/a><\/li>\n<li id=\"menu-item-2187\" class=\"menu-item menu-item-type-custom menu-item-object-custom menu-item-2187 nav-item elementskit-mobile-builder-content\" data-vertical-menu=\"750px\"><a href=\"#softwareintegration\" class=\"ekit-menu-nav-link\">Integraci\u00f3n \/ Implementaci\u00f3n de Software<\/a><\/li>\n<\/ul><div class=\"elementskit-nav-identity-panel\">\n\t\t\t\t<div class=\"elementskit-site-title\">\n\t\t\t\t\t<a class=\"elementskit-nav-logo\" href=\"\/es\" target=\"_self\" rel=\"\">\n\t\t\t\t\t\t<img decoding=\"async\" src=\"\" title=\"\" alt=\"\" \/>\n\t\t\t\t\t<\/a> \n\t\t\t\t<\/div><button class=\"elementskit-menu-close elementskit-menu-toggler\" type=\"button\">X<\/button><\/div><\/div><div class=\"elementskit-menu-overlay elementskit-menu-offcanvas-elements elementskit-menu-toggler ekit-nav-menu--overlay\"><\/div><\/div>\t\t<\/div>\n\t\t\t\t<\/div>\n\t\t\t\t\t<\/div>\n\t\t<\/div>\n\t\t\t\t\t\t\t<\/div>\n\t\t<\/section>\n\t\t\t\t\t\t\t<\/div>","protected":false},"excerpt":{"rendered":"<p>Cloud With our expertise and industry-leading technologies, we can help you build a secure, scalable, and high-performance IT infrastructure that will enable your business to thrive in today&#8217;s fast-paced digital world. Hybrid Private Cloud Our hybrid private cloud solution offers the best of both worlds &#8211; the security and control of a private cloud with [&hellip;]<\/p>","protected":false},"author":1,"featured_media":0,"parent":65,"menu_order":2,"comment_status":"closed","ping_status":"closed","template":"elementor_header_footer","meta":[],"_links":{"self":[{"href":"\/es\/wp-json\/wp\/v2\/pages\/564"}],"collection":[{"href":"\/es\/wp-json\/wp\/v2\/pages"}],"about":[{"href":"\/es\/wp-json\/wp\/v2\/types\/page"}],"author":[{"embeddable":true,"href":"\/es\/wp-json\/wp\/v2\/users\/1"}],"replies":[{"embeddable":true,"href":"\/es\/wp-json\/wp\/v2\/comments?post=564"}],"version-history":[{"count":59,"href":"\/es\/wp-json\/wp\/v2\/pages\/564\/revisions"}],"predecessor-version":[{"id":2680,"href":"\/es\/wp-json\/wp\/v2\/pages\/564\/revisions\/2680"}],"up":[{"embeddable":true,"href":"\/es\/wp-json\/wp\/v2\/pages\/65"}],"wp:attachment":[{"href":"\/es\/wp-json\/wp\/v2\/media?parent=564"}],"curies":[{"name":"wp","href":"https:\/\/api.w.org\/{rel}","templated":true}]}}